
{"id":1221,"date":"2022-09-15T10:20:20","date_gmt":"2022-09-15T10:20:20","guid":{"rendered":"https:\/\/sport.eduvic.coop\/?page_id=1221"},"modified":"2025-04-30T09:29:03","modified_gmt":"2025-04-30T09:29:03","slug":"servicios-dirigidos-a-la-comunidad","status":"publish","type":"page","link":"https:\/\/sport.eduvic.coop\/es\/servicios-dirigidos-a-la-comunidad\/","title":{"rendered":"SERVICIOS DIRIGIDOS A LA COMUNIDAD"},"content":{"rendered":"<div class=\"wpb-content-wrapper\"><p>[vc_section el_class=\u00bbseccio-dirigit\u00bb][vc_row][vc_column][vc_column_text]<\/p>\n<h2 style=\"text-align: center;\">SERVICIOS DIRIGIDOS A LA COMUNIDAD<\/h2>\n<p>[\/vc_column_text][\/vc_column][\/vc_row][vc_row equal_height=\u00bbyes\u00bb el_class=\u00bbno-mobile\u00bb][vc_column width=\u00bb1\/2&#8243; el_class=\u00bbcol-text\u00bb][vc_column_text]<\/p>\n<h4>Servicios preventivos de exclusi\u00f3n de ni\u00f1os\/as, adolescentes y sus familias<\/h4>\n<p>[\/vc_column_text][vc_column_text el_class=\u00bbtext-justify\u00bb]EDUVIC \u00b7 Sport ofrece una cartera de servicios a la comunidad con el objetivo de integrar la pr\u00e1ctica del \u201cdeporte implicado\u201d en el desarrollo educativo de los ni\u00f1os, ni\u00f1as y adolescentes y mejorar as\u00ed la oferta educativa en la comunidad. Promovemos nuevas metodolog\u00edas que incorporen valor a la comunidad educativa, tanto en el \u00e1mbito de pr\u00e1ctica del deporte como de salud relacional familiar y de cohesi\u00f3n comunitaria. Son servicios vinculados que utilizan el deporte como herramienta de educaci\u00f3n en valores y la integraci\u00f3n social de los ni\u00f1os y ni\u00f1as que participen. Entendemos que la educaci\u00f3n y el fomento de la pr\u00e1ctica deportiva aporta a las comunidades y sociedades elementos inspiradores para una construcci\u00f3n personal y social en valores.<\/p>\n<p>EDUVIC \u00b7 Sport utiliza el deporte como escenario id\u00f3neo para trabajar en la coexistencia y la cohesi\u00f3n social desde un punto de vista l\u00fadico-recreativo, inclusivo e integrador.[\/vc_column_text][\/vc_column][vc_column width=\u00bb1\/2&#8243; css=\u00bb.vc_custom_1657873296456{background-image: url(https:\/\/sport.eduvic.coop\/wp-content\/uploads\/2022\/07\/Serveis-preventius-dexclusio-de-persones-infants-adolescents-i-les-seves-families.jpg?id=649) !important;background-position: center !important;background-repeat: no-repeat !important;background-size: cover !important;}\u00bb el_class=\u00bbcol-image\u00bb][\/vc_column][\/vc_row][vc_row equal_height=\u00bbyes\u00bb el_class=\u00bbno-desktop\u00bb][vc_column width=\u00bb1\/2&#8243; css=\u00bb.vc_custom_1657873296456{background-image: url(https:\/\/sport.eduvic.coop\/wp-content\/uploads\/2022\/07\/Serveis-preventius-dexclusio-de-persones-infants-adolescents-i-les-seves-families.jpg?id=649) !important;background-position: center !important;background-repeat: no-repeat !important;background-size: cover !important;}\u00bb el_class=\u00bbcol-image\u00bb][\/vc_column][vc_column width=\u00bb1\/2&#8243; el_class=\u00bbcol-text\u00bb][vc_column_text]<\/p>\n<h4>Servicios preventivos de exclusi\u00f3n de ni\u00f1os\/as, adolescentes y sus familias<\/h4>\n<p>[\/vc_column_text][vc_column_text el_class=\u00bbtext-justify\u00bb]EDUVIC \u00b7 Sport ofrece una cartera de servicios a la comunidad con el objetivo de integrar la pr\u00e1ctica del \u201cdeporte implicado\u201d en el desarrollo educativo de los ni\u00f1os, ni\u00f1as y adolescentes y mejorar as\u00ed la oferta educativa en la comunidad. Promovemos nuevas metodolog\u00edas que incorporen valor a la comunidad educativa, tanto en el \u00e1mbito de pr\u00e1ctica del deporte como de salud relacional familiar y de cohesi\u00f3n comunitaria. Son servicios vinculados que utilizan el deporte como herramienta de educaci\u00f3n en valores y la integraci\u00f3n social de los ni\u00f1os y ni\u00f1as que participen. Entendemos que la educaci\u00f3n y el fomento de la pr\u00e1ctica deportiva aporta a las comunidades y sociedades elementos inspiradores para una construcci\u00f3n personal y social en valores.<\/p>\n<p>EDUVIC \u00b7 Sport utiliza el deporte como escenario id\u00f3neo para trabajar en la coexistencia y la cohesi\u00f3n social desde un punto de vista l\u00fadico-recreativo, inclusivo e integrador.[\/vc_column_text][\/vc_column][\/vc_row][\/vc_section][vc_section full_width=\u00bbstretch_row\u00bb el_id=\u00bbconvenis\u00bb el_class=\u00bbno-home\u00bb][vc_row][vc_column][vc_column_text css=\u00bb.vc_custom_1663236983045{margin-bottom: 0px !important;}\u00bb]<\/p>\n<h4 style=\"text-align: center;\">Nuestras entidades clientes, colaboradoras y partners<\/h4>\n<p>[\/vc_column_text]<div id=\"ult-carousel-95345390669f31f5c4e9fe\" class=\"ult-carousel-wrapper   ult_horizontal\" data-gutter=\"15\" data-rtl=\"false\" ><div class=\"ult-carousel-294119939969f31f5c4e8c1 \" >[vc_single_image image=\u00bb435&#8243; img_size=\u00bbmedium\u00bb alignment=\u00bbcenter\u00bb][vc_single_image image=\u00bb437&#8243; img_size=\u00bbmedium\u00bb alignment=\u00bbcenter\u00bb][vc_single_image image=\u00bb438&#8243; img_size=\u00bbmedium\u00bb alignment=\u00bbcenter\u00bb][vc_single_image image=\u00bb439&#8243; img_size=\u00bbmedium\u00bb alignment=\u00bbcenter\u00bb][vc_single_image image=\u00bb440&#8243; img_size=\u00bbmedium\u00bb alignment=\u00bbcenter\u00bb][vc_single_image image=\u00bb441&#8243; img_size=\u00bbmedium\u00bb alignment=\u00bbcenter\u00bb][vc_single_image image=\u00bb442&#8243; img_size=\u00bbmedium\u00bb alignment=\u00bbcenter\u00bb][vc_single_image image=\u00bb443&#8243; img_size=\u00bbmedium\u00bb alignment=\u00bbcenter\u00bb][vc_single_image image=\u00bb444&#8243; img_size=\u00bbmedium\u00bb alignment=\u00bbcenter\u00bb][vc_single_image image=\u00bb445&#8243; img_size=\u00bbmedium\u00bb alignment=\u00bbcenter\u00bb][vc_single_image image=\u00bb446&#8243; img_size=\u00bbmedium\u00bb alignment=\u00bbcenter\u00bb][vc_single_image image=\u00bb447&#8243; img_size=\u00bbmedium\u00bb alignment=\u00bbcenter\u00bb][vc_single_image image=\u00bb448&#8243; img_size=\u00bbmedium\u00bb alignment=\u00bbcenter\u00bb][vc_single_image image=\u00bb449&#8243; img_size=\u00bbmedium\u00bb alignment=\u00bbcenter\u00bb][vc_single_image image=\u00bb451&#8243; img_size=\u00bbmedium\u00bb alignment=\u00bbcenter\u00bb][vc_single_image image=\u00bb452&#8243; img_size=\u00bbmedium\u00bb alignment=\u00bbcenter\u00bb][vc_single_image image=\u00bb453&#8243; img_size=\u00bbmedium\u00bb alignment=\u00bbcenter\u00bb][vc_single_image image=\u00bb454&#8243; img_size=\u00bbmedium\u00bb alignment=\u00bbcenter\u00bb][vc_single_image image=\u00bb207&#8243; img_size=\u00bbmedium\u00bb alignment=\u00bbcenter\u00bb]<\/div><\/div>\t\t\t<script type=\"text\/javascript\">\n\t\t\t\tjQuery(document).ready(function ($) {\n\t\t\t\t\tif( typeof jQuery('.ult-carousel-294119939969f31f5c4e8c1').slick == \"function\"){\n\t\t\t\t\t\t$('.ult-carousel-294119939969f31f5c4e8c1').slick({dots: false,autoplaySpeed: \"5000\",speed: \"300\",infinite: true,arrows: true,nextArrow: '<button type=\"button\" role=\"button\" aria-label=\"Next\" style=\"color:#333333; font-size:20px;\" class=\"slick-next default\"><i class=\"ultsl-arrow-right4\"><\/i><\/button>',prevArrow: '<button type=\"button\" role=\"button\" aria-label=\"Previous\" style=\"color:#333333; font-size:20px;\" class=\"slick-prev default\"><i class=\"ultsl-arrow-left4\"><\/i><\/button>',slidesToScroll:1,slidesToShow:4,swipe: true,draggable: true,touchMove: true,pauseOnHover: true,pauseOnFocus: false,responsive: [\n\t\t\t\t\t\t\t{\n\t\t\t\t\t\t\t  breakpoint: 1026,\n\t\t\t\t\t\t\t  settings: {\n\t\t\t\t\t\t\t\tslidesToShow: 4,\n\t\t\t\t\t\t\t\tslidesToScroll: 1,  \n\t\t\t\t\t\t\t  }\n\t\t\t\t\t\t\t},\n\t\t\t\t\t\t\t{\n\t\t\t\t\t\t\t  breakpoint: 1025,\n\t\t\t\t\t\t\t  settings: {\n\t\t\t\t\t\t\t\tslidesToShow: 3,\n\t\t\t\t\t\t\t\tslidesToScroll: 1\n\t\t\t\t\t\t\t  }\n\t\t\t\t\t\t\t},\n\t\t\t\t\t\t\t{\n\t\t\t\t\t\t\t  breakpoint: 760,\n\t\t\t\t\t\t\t  settings: {\n\t\t\t\t\t\t\t\tslidesToShow: 2,\n\t\t\t\t\t\t\t\tslidesToScroll: 1\n\t\t\t\t\t\t\t  }\n\t\t\t\t\t\t\t}\n\t\t\t\t\t\t],pauseOnDotsHover: true,customPaging: function(slider, i) {\n                   return '<i type=\"button\" style= \"color:#333333;\" class=\"ultsl-record\" data-role=\"none\"><\/i>';\n                },});\n\t\t\t\t\t}\n\t\t\t\t});\n\t\t\t<\/script>\n\t\t\t[\/vc_column][\/vc_row][\/vc_section]<\/p>\n<\/div>","protected":false},"excerpt":{"rendered":"<p>[vc_section el_class=\u00bbseccio-dirigit\u00bb][vc_row][vc_column][vc_column_text] SERVICIOS DIRIGIDOS A LA COMUNIDAD [\/vc_column_text][\/vc_column][\/vc_row][vc_row equal_height=\u00bbyes\u00bb el_class=\u00bbno-mobile\u00bb][vc_column width=\u00bb1\/2&#8243; el_class=\u00bbcol-text\u00bb][vc_column_text] Servicios preventivos de<\/p>\n","protected":false},"author":2,"featured_media":0,"parent":0,"menu_order":0,"comment_status":"closed","ping_status":"closed","template":"","meta":{"footnotes":""},"class_list":["post-1221","page","type-page","status-publish"],"_links":{"self":[{"href":"https:\/\/sport.eduvic.coop\/es\/wp-json\/wp\/v2\/pages\/1221","targetHints":{"allow":["GET"]}}],"collection":[{"href":"https:\/\/sport.eduvic.coop\/es\/wp-json\/wp\/v2\/pages"}],"about":[{"href":"https:\/\/sport.eduvic.coop\/es\/wp-json\/wp\/v2\/types\/page"}],"author":[{"embeddable":true,"href":"https:\/\/sport.eduvic.coop\/es\/wp-json\/wp\/v2\/users\/2"}],"replies":[{"embeddable":true,"href":"https:\/\/sport.eduvic.coop\/es\/wp-json\/wp\/v2\/comments?post=1221"}],"version-history":[{"count":2,"href":"https:\/\/sport.eduvic.coop\/es\/wp-json\/wp\/v2\/pages\/1221\/revisions"}],"predecessor-version":[{"id":1451,"href":"https:\/\/sport.eduvic.coop\/es\/wp-json\/wp\/v2\/pages\/1221\/revisions\/1451"}],"wp:attachment":[{"href":"https:\/\/sport.eduvic.coop\/es\/wp-json\/wp\/v2\/media?parent=1221"}],"curies":[{"name":"wp","href":"https:\/\/api.w.org\/{rel}","templated":true}]}}