
{"id":1217,"date":"2022-09-15T09:46:31","date_gmt":"2022-09-15T09:46:31","guid":{"rendered":"https:\/\/sport.eduvic.coop\/?page_id=1217"},"modified":"2022-09-15T09:46:31","modified_gmt":"2022-09-15T09:46:31","slug":"servicios-dirigidos-a-deportistas-de-alto-rendimiento","status":"publish","type":"page","link":"https:\/\/sport.eduvic.coop\/es\/servicios-dirigidos-a-deportistas-de-alto-rendimiento\/","title":{"rendered":"SERVICIOS DIRIGIDOS A DEPORTISTAS DE ALTO RENDIMIENTO"},"content":{"rendered":"<div class=\"wpb-content-wrapper\"><p>[vc_section el_class=\u00bbseccio-dirigit\u00bb][vc_row][vc_column][vc_column_text]<\/p>\n<h2 style=\"text-align: center;\">SERVICIOS DIRIGIDOS A DEPORTISTAS DE ALTO RENDIMIENTO<\/h2>\n<p>[\/vc_column_text][\/vc_column][\/vc_row][vc_row el_class=\u00bbtext-rendiment\u00bb][vc_column][vc_column_text]<\/p>\n<p style=\"text-align: center;\">EDUVIC\u00b7Sport invita al\/la deportista a conseguir una optimizaci\u00f3n progresiva tanto en el \u00e1mbito emocional como intelectual, a la vez que logra una mejora de su rendimiento f\u00edsico deportivo.<\/p>\n<p>[\/vc_column_text][\/vc_column][\/vc_row][vc_row gap=\u00bb30&#8243; equal_height=\u00bbyes\u00bb el_class=\u00bbno-mobile\u00bb][vc_column width=\u00bb1\/2&#8243; el_class=\u00bbcol-text\u00bb][vc_column_text]<\/p>\n<h4>Psicolog\u00eda cl\u00ednica<\/h4>\n<p>[\/vc_column_text][vc_column_text el_class=\u00bbtext-justify\u00bb]El servicio de psicolog\u00eda cl\u00ednica dirigido a deportistas ofrece a los y las mismas la evaluaci\u00f3n, diagn\u00f3stico, tratamiento y prevenci\u00f3n de todos los factores que pueden afectar a la conducta adaptativa en condiciones que pueden generar malestar subjetivo y sufrimiento a \u00e9stos\/as. La metodolog\u00eda son sesiones individuales, que pueden incorporarse a la familia en funci\u00f3n de la edad de la persona deportista y\/o su pertenencia.[\/vc_column_text][\/vc_column][vc_column width=\u00bb1\/2&#8243; css=\u00bb.vc_custom_1657866684074{background-image: url(https:\/\/sport.eduvic.coop\/wp-content\/uploads\/2022\/07\/psicologia_cli\u0301nica.jpg?id=633) !important;background-position: center !important;background-repeat: no-repeat !important;background-size: cover !important;}\u00bb el_class=\u00bbcol-image\u00bb][\/vc_column][\/vc_row][vc_row gap=\u00bb30&#8243; equal_height=\u00bbyes\u00bb el_class=\u00bbno-desktop\u00bb][vc_column width=\u00bb1\/2&#8243; css=\u00bb.vc_custom_1657866684074{background-image: url(https:\/\/sport.eduvic.coop\/wp-content\/uploads\/2022\/07\/psicologia_cli\u0301nica.jpg?id=633) !important;background-position: center !important;background-repeat: no-repeat !important;background-size: cover !important;}\u00bb el_class=\u00bbcol-image\u00bb][\/vc_column][vc_column width=\u00bb1\/2&#8243; el_class=\u00bbcol-text\u00bb][vc_column_text]<\/p>\n<h4>Psicolog\u00eda cl\u00ednica<\/h4>\n<p>[\/vc_column_text][vc_column_text el_class=\u00bbtext-justify\u00bb]El servicio de psicolog\u00eda cl\u00ednica dirigido a deportistas ofrece a los y las mismas la evaluaci\u00f3n, diagn\u00f3stico, tratamiento y prevenci\u00f3n de todos los factores que pueden afectar a la conducta adaptativa en condiciones que pueden generar malestar subjetivo y sufrimiento a \u00e9stos\/as. La metodolog\u00eda son sesiones individuales, que pueden incorporarse a la familia en funci\u00f3n de la edad de la persona deportista y\/o su pertenencia.[\/vc_column_text][\/vc_column][\/vc_row][vc_row gap=\u00bb30&#8243; equal_height=\u00bbyes\u00bb][vc_column width=\u00bb1\/2&#8243; css=\u00bb.vc_custom_1657866707178{background-image: url(https:\/\/sport.eduvic.coop\/wp-content\/uploads\/2022\/07\/psicologia_esportiva.jpg?id=611) !important;background-position: center !important;background-repeat: no-repeat !important;background-size: cover !important;}\u00bb el_class=\u00bbcol-image\u00bb][\/vc_column][vc_column width=\u00bb1\/2&#8243; el_class=\u00bbcol-text\u00bb][vc_column_text]<\/p>\n<h4>Psicolog\u00eda deportiva<\/h4>\n<p>[\/vc_column_text][vc_column_text el_class=\u00bbtext-justify\u00bb]La pr\u00e1ctica deportiva en el campo del alto rendimiento va de la mano de altos niveles de exigencia y autoexigencia, que implican en los y las deportistas la preparaci\u00f3n en todos los \u00e1mbitos. Generalmente, la fortaleza mental y las herramientas para hacer frente a las dificultades en el camino a la profesionalizaci\u00f3n deportiva es lo que acaba marcando la diferencia frente a deportistas de igual talento. El asesoramiento psicol\u00f3gico deportivo se dirige a optimizar los recursos de la persona deportista, potenciando sus fortalezas y entrenando sus debilidades, reconduci\u00e9ndolas con el fin de disminuir su efecto.<\/p>\n<p>El servicio de psicolog\u00eda deportiva dirigido a deportistas de alto rendimiento ofrece una evaluaci\u00f3n psicol\u00f3gica a partir de la demanda que \u00e9stos\/as realizan, planteando un plan de trabajo personalizado que incluye el establecimiento de unos objetivos espec\u00edficos, medibles, asumibles, relevantes y temporalizados (SMART), para que \u00e9stos\/as puedan desplegar todo su potencial en el terreno de juego y, por tanto, optimicen su rendimiento deportivo, superando los obst\u00e1culos y mejorando la vivencia personal hacia la pr\u00e1ctica deportiva.<\/p>\n<p>Las sesiones individuales se realizan presenciales o online, aunque esta intervenci\u00f3n online tambi\u00e9n puede incluir la asistencia a entrenamientos y competiciones donde se hace una observaci\u00f3n de la transferencia que el\/la deportista lleva a cabo de los aspectos trabajados en el espacio de consulta.<\/p>\n<p>El entrenamiento en habilidades psicol\u00f3gicas supone un incremento cualitativo y cuantitativo de los recursos personales que ayudar\u00e1n a la persona deportista a hacer frente a las exigencias deportivas.[\/vc_column_text][\/vc_column][\/vc_row][vc_row gap=\u00bb30&#8243; equal_height=\u00bbyes\u00bb el_class=\u00bbno-mobile\u00bb][vc_column width=\u00bb1\/2&#8243; el_class=\u00bbcol-text\u00bb][vc_column_text]<\/p>\n<h4>Coaching y educaci\u00f3n emocional<\/h4>\n<p>[\/vc_column_text][vc_column_text el_class=\u00bbtext-justify\u00bb]El deportista asume las riendas de su vida y da un salto hacia delante superando los miedos, excusas, bloqueos y justificaciones que le imped\u00edan avanzar hacia la consecuci\u00f3n de sus sue\u00f1os.<\/p>\n<p>Siguiendo la definici\u00f3n que hace el INCOADE, el Instituto de Coaching Deportivo, el servicio de coaching de alto rendimiento deportivo ofrece un acompa\u00f1amiento en el que el\/la coach, mediante conversaciones transformadoras, provoca un proceso de reflexi\u00f3n en el\/la deportista que ayuda a profundizar en su autoconocimiento, tomando conciencia de la realidad en todos los \u00e1mbitos de su vida.<\/p>\n<p>Dirigido a deportistas profesionales y de \u00e9lite.<\/p>\n<p>Metodolog\u00eda:<\/p>\n<p>Entre las acciones que realiza el\/la coach deportivo\/a predomina la de ayudar y dirigir a las personas a trav\u00e9s de la gesti\u00f3n del conocimiento, descubriendo nuevos puntos de vista y potenciando los recursos individuales para:<\/p>\n<ul>\n<li>Definir d\u00f3nde quiere llegar el\/la deportista en su carrera profesional.<\/li>\n<li>Motivar e incentivar para llegar a una meta.<\/li>\n<li>Dotar a la persona deportista de actitudes positivas para tomar conciencia de su responsabilidad.<\/li>\n<li>Interactuar con la persona para conocer sus debilidades.<\/li>\n<li>Establecer planes de acci\u00f3n a medio y largo plazo.<\/li>\n<li>Ayudarle\/la a controlar las emociones.<\/li>\n<li>Transmitir confianza.<\/li>\n<li>Convertir errores y dificultades en oportunidades.<\/li>\n<\/ul>\n<p>[\/vc_column_text][\/vc_column][vc_column width=\u00bb1\/2&#8243; css=\u00bb.vc_custom_1657866724562{background-image: url(https:\/\/sport.eduvic.coop\/wp-content\/uploads\/2022\/07\/coach_.jpg?id=614) !important;background-position: center !important;background-repeat: no-repeat !important;background-size: cover !important;}\u00bb el_class=\u00bbcol-image\u00bb][\/vc_column][\/vc_row][vc_row gap=\u00bb30&#8243; equal_height=\u00bbyes\u00bb el_class=\u00bbno-desktop\u00bb][vc_column width=\u00bb1\/2&#8243; css=\u00bb.vc_custom_1657866724562{background-image: url(https:\/\/sport.eduvic.coop\/wp-content\/uploads\/2022\/07\/coach_.jpg?id=614) !important;background-position: center !important;background-repeat: no-repeat !important;background-size: cover !important;}\u00bb el_class=\u00bbcol-image\u00bb][\/vc_column][vc_column width=\u00bb1\/2&#8243; el_class=\u00bbcol-text\u00bb][vc_column_text]<\/p>\n<h4>Coaching y educaci\u00f3n emocional<\/h4>\n<p>[\/vc_column_text][vc_column_text el_class=\u00bbtext-justify\u00bb]El deportista asume las riendas de su vida y da un salto hacia delante superando los miedos, excusas, bloqueos y justificaciones que le imped\u00edan avanzar hacia la consecuci\u00f3n de sus sue\u00f1os.<\/p>\n<p>Siguiendo la definici\u00f3n que hace el INCOADE, el Instituto de Coaching Deportivo, el servicio de coaching de alto rendimiento deportivo ofrece un acompa\u00f1amiento en el que el\/la coach, mediante conversaciones transformadoras, provoca un proceso de reflexi\u00f3n en el\/la deportista que ayuda a profundizar en su autoconocimiento, tomando conciencia de la realidad en todos los \u00e1mbitos de su vida.<\/p>\n<p>Dirigido a deportistas profesionales y de \u00e9lite.<\/p>\n<p>Metodolog\u00eda:<\/p>\n<p>Entre las acciones que realiza el\/la coach deportivo\/a predomina la de ayudar y dirigir a las personas a trav\u00e9s de la gesti\u00f3n del conocimiento, descubriendo nuevos puntos de vista y potenciando los recursos individuales para:<\/p>\n<ul>\n<li>Definir d\u00f3nde quiere llegar el\/la deportista en su carrera profesional.<\/li>\n<li>Motivar e incentivar para llegar a una meta.<\/li>\n<li>Dotar a la persona deportista de actitudes positivas para tomar conciencia de su responsabilidad.<\/li>\n<li>Interactuar con la persona para conocer sus debilidades.<\/li>\n<li>Establecer planes de acci\u00f3n a medio y largo plazo.<\/li>\n<li>Ayudarle\/la a controlar las emociones.<\/li>\n<li>Transmitir confianza.<\/li>\n<li>Convertir errores y dificultades en oportunidades.<\/li>\n<\/ul>\n<p>[\/vc_column_text][\/vc_column][\/vc_row][vc_row gap=\u00bb30&#8243; equal_height=\u00bbyes\u00bb][vc_column width=\u00bb1\/2&#8243; css=\u00bb.vc_custom_1658393664856{background-image: url(https:\/\/sport.eduvic.coop\/wp-content\/uploads\/2022\/07\/atencio-a-les-families.jpg?id=706) !important;background-position: center !important;background-repeat: no-repeat !important;background-size: cover !important;}\u00bb el_class=\u00bbcol-image\u00bb][\/vc_column][vc_column width=\u00bb1\/2&#8243; el_class=\u00bbcol-text\u00bb][vc_column_text]<\/p>\n<h4>Atenci\u00f3n a las familias<\/h4>\n<p>[\/vc_column_text][vc_column_text el_class=\u00bbtext-justify\u00bb]EDUVIC \u00b7 Sport ofrece a las familias de los y las j\u00f3venes deportistas diferentes espacios de trabajo y de intercambio, sea de forma individual o en grupo, para abordar cuestiones educativas, comunicativas y relacionales con sus hijos e hijas.<\/p>\n<p>Desde este servicio, se ofrece un acompa\u00f1amiento psicoeducativo a los padres y madres de j\u00f3venes deportistas, para favorecer que las familias sean un entorno seguro y de \u00f3ptimo desarrollo para \u00e9stos\/as.[\/vc_column_text][\/vc_column][\/vc_row][\/vc_section][vc_section full_width=\u00bbstretch_row\u00bb el_id=\u00bbconvenis\u00bb el_class=\u00bbno-home\u00bb][vc_row][vc_column][vc_column_text css=\u00bb.vc_custom_1663235185543{margin-bottom: 0px !important;}\u00bb]<\/p>\n<h4 style=\"text-align: center;\">Nuestras entidades clientes, colaboradoras y partners<\/h4>\n<p>[\/vc_column_text]<div id=\"ult-carousel-268035784269f335cb81453\" class=\"ult-carousel-wrapper   ult_horizontal\" data-gutter=\"15\" data-rtl=\"false\" ><div class=\"ult-carousel-169308687169f335cb813d1 \" >[vc_single_image image=\u00bb435&#8243; img_size=\u00bbmedium\u00bb alignment=\u00bbcenter\u00bb][vc_single_image image=\u00bb437&#8243; img_size=\u00bbmedium\u00bb alignment=\u00bbcenter\u00bb][vc_single_image image=\u00bb438&#8243; img_size=\u00bbmedium\u00bb alignment=\u00bbcenter\u00bb][vc_single_image image=\u00bb439&#8243; img_size=\u00bbmedium\u00bb alignment=\u00bbcenter\u00bb][vc_single_image image=\u00bb440&#8243; img_size=\u00bbmedium\u00bb alignment=\u00bbcenter\u00bb][vc_single_image image=\u00bb441&#8243; img_size=\u00bbmedium\u00bb alignment=\u00bbcenter\u00bb][vc_single_image image=\u00bb442&#8243; img_size=\u00bbmedium\u00bb alignment=\u00bbcenter\u00bb][vc_single_image image=\u00bb443&#8243; img_size=\u00bbmedium\u00bb alignment=\u00bbcenter\u00bb][vc_single_image image=\u00bb444&#8243; img_size=\u00bbmedium\u00bb alignment=\u00bbcenter\u00bb][vc_single_image image=\u00bb445&#8243; img_size=\u00bbmedium\u00bb alignment=\u00bbcenter\u00bb][vc_single_image image=\u00bb446&#8243; img_size=\u00bbmedium\u00bb alignment=\u00bbcenter\u00bb][vc_single_image image=\u00bb447&#8243; img_size=\u00bbmedium\u00bb alignment=\u00bbcenter\u00bb][vc_single_image image=\u00bb448&#8243; img_size=\u00bbmedium\u00bb alignment=\u00bbcenter\u00bb][vc_single_image image=\u00bb449&#8243; img_size=\u00bbmedium\u00bb alignment=\u00bbcenter\u00bb][vc_single_image image=\u00bb451&#8243; img_size=\u00bbmedium\u00bb alignment=\u00bbcenter\u00bb][vc_single_image image=\u00bb452&#8243; img_size=\u00bbmedium\u00bb alignment=\u00bbcenter\u00bb][vc_single_image image=\u00bb453&#8243; img_size=\u00bbmedium\u00bb alignment=\u00bbcenter\u00bb][vc_single_image image=\u00bb454&#8243; img_size=\u00bbmedium\u00bb alignment=\u00bbcenter\u00bb][vc_single_image image=\u00bb207&#8243; img_size=\u00bbmedium\u00bb alignment=\u00bbcenter\u00bb]<\/div><\/div>\t\t\t<script type=\"text\/javascript\">\n\t\t\t\tjQuery(document).ready(function ($) {\n\t\t\t\t\tif( typeof jQuery('.ult-carousel-169308687169f335cb813d1').slick == \"function\"){\n\t\t\t\t\t\t$('.ult-carousel-169308687169f335cb813d1').slick({dots: false,autoplaySpeed: \"5000\",speed: \"300\",infinite: true,arrows: true,nextArrow: '<button type=\"button\" role=\"button\" aria-label=\"Next\" style=\"color:#333333; font-size:20px;\" class=\"slick-next default\"><i class=\"ultsl-arrow-right4\"><\/i><\/button>',prevArrow: '<button type=\"button\" role=\"button\" aria-label=\"Previous\" style=\"color:#333333; font-size:20px;\" class=\"slick-prev default\"><i class=\"ultsl-arrow-left4\"><\/i><\/button>',slidesToScroll:1,slidesToShow:4,swipe: true,draggable: true,touchMove: true,pauseOnHover: true,pauseOnFocus: false,responsive: [\n\t\t\t\t\t\t\t{\n\t\t\t\t\t\t\t  breakpoint: 1026,\n\t\t\t\t\t\t\t  settings: {\n\t\t\t\t\t\t\t\tslidesToShow: 4,\n\t\t\t\t\t\t\t\tslidesToScroll: 1,  \n\t\t\t\t\t\t\t  }\n\t\t\t\t\t\t\t},\n\t\t\t\t\t\t\t{\n\t\t\t\t\t\t\t  breakpoint: 1025,\n\t\t\t\t\t\t\t  settings: {\n\t\t\t\t\t\t\t\tslidesToShow: 3,\n\t\t\t\t\t\t\t\tslidesToScroll: 1\n\t\t\t\t\t\t\t  }\n\t\t\t\t\t\t\t},\n\t\t\t\t\t\t\t{\n\t\t\t\t\t\t\t  breakpoint: 760,\n\t\t\t\t\t\t\t  settings: {\n\t\t\t\t\t\t\t\tslidesToShow: 2,\n\t\t\t\t\t\t\t\tslidesToScroll: 1\n\t\t\t\t\t\t\t  }\n\t\t\t\t\t\t\t}\n\t\t\t\t\t\t],pauseOnDotsHover: true,customPaging: function(slider, i) {\n                   return '<i type=\"button\" style= \"color:#333333;\" class=\"ultsl-record\" data-role=\"none\"><\/i>';\n                },});\n\t\t\t\t\t}\n\t\t\t\t});\n\t\t\t<\/script>\n\t\t\t[\/vc_column][\/vc_row][\/vc_section]<\/p>\n<\/div>","protected":false},"excerpt":{"rendered":"<p>[vc_section el_class=\u00bbseccio-dirigit\u00bb][vc_row][vc_column][vc_column_text] SERVICIOS DIRIGIDOS A DEPORTISTAS DE ALTO RENDIMIENTO [\/vc_column_text][\/vc_column][\/vc_row][vc_row el_class=\u00bbtext-rendiment\u00bb][vc_column][vc_column_text] EDUVIC\u00b7Sport invita al\/la deportista<\/p>\n","protected":false},"author":2,"featured_media":0,"parent":0,"menu_order":0,"comment_status":"closed","ping_status":"closed","template":"","meta":{"footnotes":""},"class_list":["post-1217","page","type-page","status-publish"],"_links":{"self":[{"href":"https:\/\/sport.eduvic.coop\/es\/wp-json\/wp\/v2\/pages\/1217","targetHints":{"allow":["GET"]}}],"collection":[{"href":"https:\/\/sport.eduvic.coop\/es\/wp-json\/wp\/v2\/pages"}],"about":[{"href":"https:\/\/sport.eduvic.coop\/es\/wp-json\/wp\/v2\/types\/page"}],"author":[{"embeddable":true,"href":"https:\/\/sport.eduvic.coop\/es\/wp-json\/wp\/v2\/users\/2"}],"replies":[{"embeddable":true,"href":"https:\/\/sport.eduvic.coop\/es\/wp-json\/wp\/v2\/comments?post=1217"}],"version-history":[{"count":2,"href":"https:\/\/sport.eduvic.coop\/es\/wp-json\/wp\/v2\/pages\/1217\/revisions"}],"predecessor-version":[{"id":1234,"href":"https:\/\/sport.eduvic.coop\/es\/wp-json\/wp\/v2\/pages\/1217\/revisions\/1234"}],"wp:attachment":[{"href":"https:\/\/sport.eduvic.coop\/es\/wp-json\/wp\/v2\/media?parent=1217"}],"curies":[{"name":"wp","href":"https:\/\/api.w.org\/{rel}","templated":true}]}}