
{"id":1208,"date":"2022-09-05T09:29:12","date_gmt":"2022-09-05T09:29:12","guid":{"rendered":"https:\/\/sport.eduvic.coop\/?page_id=1208"},"modified":"2022-09-05T09:29:38","modified_gmt":"2022-09-05T09:29:38","slug":"politica-de-privacidad","status":"publish","type":"page","link":"https:\/\/sport.eduvic.coop\/es\/politica-de-privacidad\/","title":{"rendered":"Pol\u00edtica de privacidad"},"content":{"rendered":"<div class=\"wpb-content-wrapper\"><p>[vc_row][vc_column][vc_column_text]<\/p>\r\n\r\n<h3 class=\"wp-block-heading\">EDUVIC \u00b7 Pol\u00edtica de privacidad y de protecci\u00f3n de datos<\/h3>\r\n<p>Se informa a los usuarios de la p\u00e1gina web, en cumplimiento de la legislaci\u00f3n vigente en materia de protecci\u00f3n de datos de car\u00e1cter personal, sobre la pol\u00edtica de protecci\u00f3n de datos de car\u00e1cter personal con la finalidad de que estos decidan de forma expresa, libre y voluntaria si desean facilitar a esta entidad sus datos personales que sean necesarios y por eso les son solicitadas en la p\u00e1gina web para la prestaci\u00f3n de los productos y servicios de que dispone EDUVIC. El usuario deber\u00e1 rellenar los formularios con datos ver\u00eddicos, exactos, completos y actualizados. EDUVIC ha adoptado los niveles de seguridad de protecci\u00f3n de los datos personales exigidos en la legislaci\u00f3n vigente de protecci\u00f3n de datos, instalando las medidas t\u00e9cnicas y organizativas necesarias para evitar la p\u00e9rdida, mal uso, alteraci\u00f3n, acceso no autorizado y otros riesgos posibles. Igualmente, EDUVIC obliga a cumplir la obligaci\u00f3n de secreto respecto a los datos contenidos en el fichero, establecida en la legislaci\u00f3n de protecci\u00f3n de datos aplicable. Los registros de los datos personales aportados en caso de suscribirse a trav\u00e9s de alg\u00fan formulario deber\u00e1n ser ver\u00eddicas, exactas y actualizadas, y adem\u00e1s implica la aceptaci\u00f3n voluntaria por su parte en relaci\u00f3n al tratamiento de los datos personales por parte de EDUVIC. Para cumplir con la legislaci\u00f3n vigente en materia de protecci\u00f3n de datos personales ponemos a disposici\u00f3n de los interesados que contacten v\u00eda web o reciban newsletters la siguiente informaci\u00f3n:<\/p>\r\n<h5><strong>\u00bfQui\u00e9n es el responsable del tratamiento de sus datos?<\/strong><\/h5>\r\n<p>Raz\u00f3n: EDUVIC SCCL Nombre comercial:\u00a0 EDUVIC y Escola Itinere NIF: F60709896 Direcci\u00f3n:\u00a0 C\/ Castelao, 124 Local, de l\u2019Hospitalet de Llobregat (08902) Tel\u00e9fono: 933320012 Correo electr\u00f3nico EDUVIC: eduvic@eduvic.coop Correo electr\u00f3nico de Escola Itinere: escolaitinere@eduvic.coop<\/p>\r\n<h5><strong>\u00a0Con qu\u00e9 finalidad tratamos sus datos personales?<\/strong><\/h5>\r\n<p>A EDUVIC SCCL tratamos sus datos de contacto con las siguientes finalidades, en funci\u00f3n del motivo por el cual nos las haya facilitado: Gestionar datos facilitados directamente por el propio interesado, para informar mediante newsletters de nuestros servicios y actividades incluyendo, cuando corresponde, las actividades asociadas en la Escola Itinere. Dar respuesta a la solicitud, petici\u00f3n o consulta realizada por el propio interesado y hacer un seguimiento posterior.<\/p>\r\n<h5><strong>\u00a0\u00bfPor cu\u00e1nto tiempo conservaremos sus datos?<\/strong><\/h5>\r\n<p>Los datos para el env\u00edo de Newsletters ser\u00e1n conservadas indefinidamente hasta que, si es el caso, nos manifiesten su voluntad de suprimirlos (opci\u00f3n incluida en cada una de las newsletters). Los datos asociados a una solicitud, petici\u00f3n o consulta se conservar\u00e1n mientras la misma no est\u00e9 totalmente completa. Una vez resuelta totalmente la solicitud, se conservar\u00e1n los datos por un m\u00e1ximo de dos a\u00f1os.<\/p>\r\n<h5><strong>\u00a0\u00bfCu\u00e1l es la legitimaci\u00f3n para el tratamiento de sus datos?<\/strong><\/h5>\r\n<p>La base del env\u00edo de newsletters a personas de nuestros grupos de inter\u00e9s se basa en la satisfacci\u00f3n del inter\u00e9s leg\u00edtimo empresarial consistente en poder ofrecer a estos grupos de inter\u00e9s informaci\u00f3n sobre la actividad de la organizaci\u00f3n. Adem\u00e1s, para nuevas personas de contacto, desde mayo de 2018 se basa en el consentimiento expreso que se solicita, y puede ser revocado en cualquier momento. La retirada de este consentimiento no afectar\u00e1 en ning\u00fan caso a la ejecuci\u00f3n de ning\u00fan contrato, pero los tratamientos de datos efectuados con anterioridad no perder\u00e1n su licitud por el hecho de que el consentimiento se haya revocado. La base para la respuesta a solicitudes es el inter\u00e9s leg\u00edtimo empresarial de ofrecer apoyo a las personas de sus grupos de inter\u00e9s.<\/p>\r\n<h5><strong>\u00a0A qu\u00e9 destinatarios se comunicar\u00e1n sus datos?<\/strong><\/h5>\r\n<p>No se ceder\u00e1n datos a terceros.<\/p>\r\n<h5><strong>\u00bfTransferencias de datos a terceros pa\u00edses?<\/strong><\/h5>\r\n<p>Los datos para el env\u00edo de Newsletters se gestionan mediante MailChimp. MailChimp se va autocertificar por el EU-Uno.S. Privacy Shield y el Swiss-Uno.S. Privacy ShieldRegimen y transfiere legalmente datos personales de UE \/ EEE a los EE. UU. en conformidad con el certificado de escudo de privacidad. No se realizan otras transferencias de datos a terceros pa\u00edses para las solicitudes.<\/p>\r\n<h5><strong>\u00bfCu\u00e1les son sus derechos cuando nos facilita sus datos?<\/strong><\/h5>\r\n<p>Cualquier persona tiene derecho a obtener confirmaci\u00f3n sobre s\u00ed a EDUVIC SCCL estamos tratando datos personales que los conciernan, o no. Las personas interesadas tienen derecho a acceder a sus datos personales, as\u00ed como a solicitar la rectificaci\u00f3n de los datos inexactos o, si es el caso, solicitar su supresi\u00f3n cuando, entre otros motivos, los datos ya no sean necesarios para los fines para los que fueron recogidos. En determinadas circunstancias, los interesados podr\u00e1n solicitar la limitaci\u00f3n del tratamiento de sus datos o su portabilidad, en este caso \u00fanicamente los conservaremos para el ejercicio o la defensa de reclamaciones. Usted podr\u00e1 ejercer materialmente sus derechos de la siguiente manera: Por correo electr\u00f3nico adjuntando copia de su DNI a: eduvic@eduvic.coop. En la direcci\u00f3n de correo electr\u00f3nico indicada le ofreceremos los formularios correspondientes para ejercitar materialmente estos derechos. Si ha otorgado su consentimiento para alguna finalidad concreta, tiene derecho a retirar el consentimiento otorgado en cualquier momento, sin que esto afecte la licitud del tratamiento basado en su consentimiento previo a su retirada. En el supuesto de que considere vulnerados sus derechos en cuanto a la protecci\u00f3n de sus datos personales, especialmente cuando no haya obtenido satisfacci\u00f3n en el ejercicio de sus derechos, puede presentar una reclamaci\u00f3n ante la Autoridad de Control en materia de protecci\u00f3n de datos competente a trav\u00e9s de su sitio web: agpd.es.<\/p>\r\n<h5><strong>\u00a0\u00bfC\u00f3mo hemos obtenido sus datos?<\/strong><\/h5>\r\n<p>Los datos personales que tratamos a EDUVIC SCCL proceden de los propios interesados o su representante legal, v\u00eda web o mediante formulario web o formulario en apoyo papel. Le recordamos que no se tienen que facilitar datos de terceros salvo que se tenga autorizaci\u00f3n de estos y se les haya informado previamente. No se tratan categor\u00edas especiales de datos personales (son aquellos datos que revelan el origen \u00e9tnico o racial, las opiniones pol\u00edticas, las convicciones religiosas o filos\u00f3ficas, o la afiliaci\u00f3n sindical, datos gen\u00e9ticos, datos biom\u00e9tricos dirigidos a identificar de manera un\u00edvoca a una persona f\u00edsica, datos relativos a la salud o datos relativos a la vida sexual o a la orientaci\u00f3n sexual de una persona f\u00edsica).<\/p>\r\n<p style=\"text-align: right;\">EDUVIC Todos los derechos reservados.<\/p>\r\n<p>[\/vc_column_text][\/vc_column][\/vc_row]<\/p><\/div>","protected":false},"excerpt":{"rendered":"<p>[vc_row][vc_column][vc_column_text] EDUVIC \u00b7 Pol\u00edtica de privacidad y de protecci\u00f3n de datos Se informa a los<\/p>\n","protected":false},"author":2,"featured_media":0,"parent":0,"menu_order":0,"comment_status":"closed","ping_status":"closed","template":"","meta":{"footnotes":""},"class_list":["post-1208","page","type-page","status-publish"],"_links":{"self":[{"href":"https:\/\/sport.eduvic.coop\/es\/wp-json\/wp\/v2\/pages\/1208","targetHints":{"allow":["GET"]}}],"collection":[{"href":"https:\/\/sport.eduvic.coop\/es\/wp-json\/wp\/v2\/pages"}],"about":[{"href":"https:\/\/sport.eduvic.coop\/es\/wp-json\/wp\/v2\/types\/page"}],"author":[{"embeddable":true,"href":"https:\/\/sport.eduvic.coop\/es\/wp-json\/wp\/v2\/users\/2"}],"replies":[{"embeddable":true,"href":"https:\/\/sport.eduvic.coop\/es\/wp-json\/wp\/v2\/comments?post=1208"}],"version-history":[{"count":3,"href":"https:\/\/sport.eduvic.coop\/es\/wp-json\/wp\/v2\/pages\/1208\/revisions"}],"predecessor-version":[{"id":1211,"href":"https:\/\/sport.eduvic.coop\/es\/wp-json\/wp\/v2\/pages\/1208\/revisions\/1211"}],"wp:attachment":[{"href":"https:\/\/sport.eduvic.coop\/es\/wp-json\/wp\/v2\/media?parent=1208"}],"curies":[{"name":"wp","href":"https:\/\/api.w.org\/{rel}","templated":true}]}}