
{"id":1078,"date":"2022-08-31T06:59:22","date_gmt":"2022-08-31T06:59:22","guid":{"rendered":"https:\/\/sport.eduvic.coop\/?page_id=1078"},"modified":"2022-09-05T09:31:04","modified_gmt":"2022-09-05T09:31:04","slug":"aviso-legal","status":"publish","type":"page","link":"https:\/\/sport.eduvic.coop\/es\/aviso-legal\/","title":{"rendered":"Aviso legal"},"content":{"rendered":"<div class=\"wpb-content-wrapper\"><p>[vc_row][vc_column][vc_column_text]<\/p>\n<h3><strong>Datos de identificaci\u00f3n<\/strong><\/h3>\n<p>EDUVIC SCCL es una empresa inscrita en el Registro de Cooperativas, con el n\u00fam. 6633. Su domicilio C \/ Castelao, 124 Local, de Hospitalet de Llobregat (08902), y NIF.: F60709896.<\/p>\n<h5><strong>Vigencia de la informaci\u00f3n<\/strong><\/h5>\n<p>El acceso al portal de EDUVIC y asimismo la informaci\u00f3n relativa a cualquiera de los productos y servicios que esta contiene comporta la aceptaci\u00f3n de las condiciones contempladas en el presente aviso legal. De igual forma, la informaci\u00f3n contenida en estas p\u00e1ginas es la vigente en la actualidad tras la \u00faltima actualizaci\u00f3n realizada. No obstante, la informaci\u00f3n relativa a productos y servicios ofrecidos en esta p\u00e1gina web es exclusivamente orientativa y de ninguna manera vinculante.<\/p>\n<h5><strong>Propiedad intelectual o industrial<\/strong><\/h5>\n<p>El contenido de la presente p\u00e1gina web est\u00e1 protegido por la Ley de Propiedad Industrial o Intelectual. Por lo tanto, los contenidos, c\u00f3digos fuente, forma, dise\u00f1o, p\u00e1ginas, marcas, nombres comerciales, logotipos, as\u00ed como la denominaci\u00f3n de productos, aplicativos y herramientas son propiedad de EDUVIC y su distribuci\u00f3n, modificaci\u00f3n, transmisi\u00f3n, copia o cualquier utilizaci\u00f3n de los mismos tiene que estar autorizada expresamente por EDUVIC. Debe advertirse que la infracci\u00f3n de las normas protectoras de la propiedad industrial o intelectual conlleva, en su caso, adem\u00e1s de las posibles responsabilidades econ\u00f3micas, la exigencia de responsabilidades penales.<\/p>\n<h5><strong>Responsabilidades<\/strong><\/h5>\n<p>La informaci\u00f3n contenida en estas p\u00e1ginas web es la vigente en la fecha de su \u00faltima actualizaci\u00f3n y no representa ninguna obligaci\u00f3n contractual para EDUVIC, sino que se expone con finalidad informativa y no constituye una oferta de compra o venta de ning\u00fan tipo de producto o servicio. Se puede confirmar la fecha de actualizaci\u00f3n de cualquier informaci\u00f3n mediante el formulario que aparece haciendo un \u00abclic\u00bb en la p\u00e1gina principal de la web.<\/p>\n<p>EDUVIC rechaza cualquier responsabilidad que se derive de la mala utilizaci\u00f3n de los contenidos de sus p\u00e1ginas web y se reserva el derecho a actualizarlos, eliminarlos, limitarlos o impedir el acceso, de manera temporal o definitiva sin necesidad de previo aviso. Tampoco se hace responsable sobre cualquier informaci\u00f3n no elaborada directamente por la empresa y rechaza, de manera especial, cualquier responsabilidad sobre la informaci\u00f3n contenida en las p\u00e1ginas web a las que se tiene acceso mediante enlaces (links).<\/p>\n<p>Asimismo, EDUVIC no se hace responsable de los posibles errores de seguridad que se puedan producir por el uso de ordenadores infectados con virus inform\u00e1ticos, ni de las consecuencias derivadas del mal funcionamiento del navegador (browser) o por el uso de versiones no actualizadas.[\/vc_column_text][\/vc_column][\/vc_row]<\/p>\n<\/div>","protected":false},"excerpt":{"rendered":"<p>[vc_row][vc_column][vc_column_text] Datos de identificaci\u00f3n EDUVIC SCCL es una empresa inscrita en el Registro de Cooperativas,<\/p>\n","protected":false},"author":2,"featured_media":0,"parent":0,"menu_order":0,"comment_status":"closed","ping_status":"closed","template":"","meta":{"footnotes":""},"class_list":["post-1078","page","type-page","status-publish"],"_links":{"self":[{"href":"https:\/\/sport.eduvic.coop\/es\/wp-json\/wp\/v2\/pages\/1078","targetHints":{"allow":["GET"]}}],"collection":[{"href":"https:\/\/sport.eduvic.coop\/es\/wp-json\/wp\/v2\/pages"}],"about":[{"href":"https:\/\/sport.eduvic.coop\/es\/wp-json\/wp\/v2\/types\/page"}],"author":[{"embeddable":true,"href":"https:\/\/sport.eduvic.coop\/es\/wp-json\/wp\/v2\/users\/2"}],"replies":[{"embeddable":true,"href":"https:\/\/sport.eduvic.coop\/es\/wp-json\/wp\/v2\/comments?post=1078"}],"version-history":[{"count":2,"href":"https:\/\/sport.eduvic.coop\/es\/wp-json\/wp\/v2\/pages\/1078\/revisions"}],"predecessor-version":[{"id":1204,"href":"https:\/\/sport.eduvic.coop\/es\/wp-json\/wp\/v2\/pages\/1078\/revisions\/1204"}],"wp:attachment":[{"href":"https:\/\/sport.eduvic.coop\/es\/wp-json\/wp\/v2\/media?parent=1078"}],"curies":[{"name":"wp","href":"https:\/\/api.w.org\/{rel}","templated":true}]}}